{"id":2176,"date":"2023-05-24T07:40:15","date_gmt":"2023-05-24T07:40:15","guid":{"rendered":"https:\/\/kitjesuscastiello.premm.es\/?page_id=2176"},"modified":"2023-05-24T07:46:40","modified_gmt":"2023-05-24T07:46:40","slug":"accesibilidad","status":"publish","type":"page","link":"https:\/\/jardinescastiello.es\/en\/accesibilidad","title":{"rendered":"Accesibilidad"},"content":{"rendered":"\t\t<div data-elementor-type=\"wp-post\" data-elementor-id=\"2176\" class=\"elementor elementor-2176\">\n\t\t\t\t\t\t<section class=\"elementor-section elementor-top-section elementor-element elementor-element-fa51bed elementor-section-boxed elementor-section-height-default elementor-section-height-default\" data-id=\"fa51bed\" data-element_type=\"section\" data-e-type=\"section\" data-settings=\"{&quot;background_background&quot;:&quot;classic&quot;}\">\n\t\t\t\t\t\t\t<div class=\"elementor-background-overlay\"><\/div>\n\t\t\t\t\t\t\t<div class=\"elementor-container elementor-column-gap-no\">\n\t\t\t\t\t<div class=\"elementor-column elementor-col-100 elementor-top-column elementor-element elementor-element-74a8848\" data-id=\"74a8848\" data-element_type=\"column\" data-e-type=\"column\">\n\t\t\t<div class=\"elementor-widget-wrap elementor-element-populated\">\n\t\t\t\t\t\t<div class=\"elementor-element elementor-element-c3ff2c9 elementor-widget__width-initial elementor-widget elementor-widget-heading\" data-id=\"c3ff2c9\" data-element_type=\"widget\" data-e-type=\"widget\" data-widget_type=\"heading.default\">\n\t\t\t\t<div class=\"elementor-widget-container\">\n\t\t\t\t\t<h1 class=\"elementor-heading-title elementor-size-default\">Accesibilidad<\/h1>\t\t\t\t<\/div>\n\t\t\t\t<\/div>\n\t\t\t\t<div class=\"elementor-element elementor-element-3a35bc2 elementor-widget elementor-widget-spacer\" data-id=\"3a35bc2\" data-element_type=\"widget\" data-e-type=\"widget\" data-widget_type=\"spacer.default\">\n\t\t\t\t<div class=\"elementor-widget-container\">\n\t\t\t\t\t\t\t<div class=\"elementor-spacer\">\n\t\t\t<div class=\"elementor-spacer-inner\"><\/div>\n\t\t<\/div>\n\t\t\t\t\t\t<\/div>\n\t\t\t\t<\/div>\n\t\t\t\t\t<\/div>\n\t\t<\/div>\n\t\t\t\t\t<\/div>\n\t\t<\/section>\n\t\t\t\t<section class=\"elementor-section elementor-top-section elementor-element elementor-element-680421f elementor-section-boxed elementor-section-height-default elementor-section-height-default\" data-id=\"680421f\" data-element_type=\"section\" data-e-type=\"section\">\n\t\t\t\t\t\t<div class=\"elementor-container elementor-column-gap-default\">\n\t\t\t\t\t<div class=\"elementor-column elementor-col-100 elementor-top-column elementor-element elementor-element-e2d6c01\" data-id=\"e2d6c01\" data-element_type=\"column\" data-e-type=\"column\">\n\t\t\t<div class=\"elementor-widget-wrap\">\n\t\t\t\t\t\t\t<\/div>\n\t\t<\/div>\n\t\t\t\t\t<\/div>\n\t\t<\/section>\n\t\t\t\t<section class=\"elementor-section elementor-top-section elementor-element elementor-element-a1cc638 elementor-section-boxed elementor-section-height-default elementor-section-height-default\" data-id=\"a1cc638\" data-element_type=\"section\" data-e-type=\"section\">\n\t\t\t\t\t\t<div class=\"elementor-container elementor-column-gap-default\">\n\t\t\t\t\t<div class=\"elementor-column elementor-col-100 elementor-top-column elementor-element elementor-element-d2382c5\" data-id=\"d2382c5\" data-element_type=\"column\" data-e-type=\"column\">\n\t\t\t<div class=\"elementor-widget-wrap elementor-element-populated\">\n\t\t\t\t\t\t<div class=\"elementor-element elementor-element-9b1736b elementor-widget elementor-widget-text-editor\" data-id=\"9b1736b\" data-element_type=\"widget\" data-e-type=\"widget\" data-widget_type=\"text-editor.default\">\n\t\t\t\t<div class=\"elementor-widget-container\">\n\t\t\t\t\t\t\t\t\t<p><\/p><p><span style=\"font-weight: 400;\"><b>JARDINES CASTIELLO <\/b><\/span><span style=\"font-weight: 400;\">se ha comprometido a hacer accesible su sitio web, de conformidad con el <\/span><span style=\"text-decoration: underline;\"><a href=\"https:\/\/www.boe.es\/diario_boe\/txt.php?id=BOE-A-2018-12699\"><span style=\"font-weight: 400;\">Real Decreto 1112\/2018, de 7 de septiembre, sobre accesibilidad de los sitios web y aplicaciones para dispositivos m\u00f3viles del sector p\u00fablico.<\/span><\/a><\/span><\/p><p><span style=\"font-weight: 400;\">La presente declaraci\u00f3n de accesibilidad se aplica al sitio web http:\/\/www.jardinescastiello.es\/<\/span><\/p><h2 class=\"wp-block-heading\"><b>Situaci\u00f3n de cumplimiento<\/b><\/h2><p><span style=\"font-weight: 400;\">Este sitio web es parcialmente conforme con el\u00a0<\/span><a href=\"https:\/\/www.boe.es\/diario_boe\/txt.php?id=BOE-A-2018-12699\"><span style=\"font-weight: 400;\"><span style=\"text-decoration: underline;\">RD 1112\/2018<\/span><\/span><\/a><span style=\"font-weight: 400;\">\u00a0debido a las excepciones y a la falta de conformidad de los aspectos que se indican en el siguiente punto:<\/span><\/p><h2><b>Contenido no accesible<\/b><\/h2><p><span style=\"font-weight: 400;\">El contenido que se recoge a continuaci\u00f3n no es accesible por lo siguiente:<\/span><\/p><h2><b>Falta de conformidad con el RD 1112\/2018<\/b><\/h2><p><span style=\"font-weight: 400;\">Podr\u00edan existir documentos ofim\u00e1ticos en PDF y otros formatos publicados posteriormente al 20 de septiembre de 2018 que no cumplan en su totalidad los requisitos de accesibilidad.<\/span><\/p><p><span style=\"font-weight: 400;\">Podr\u00edan existir errores de c\u00f3digo puntuales de edici\u00f3n en alguna p\u00e1gina web. [4.1.1 Procesamiento]<\/span><\/p><h2><b>Carga desproporcionada<\/b><\/h2><p><span style=\"font-weight: 400;\">No aplica.<\/span><\/p><h2><b>El contenido no entra dentro del \u00e1mbito de la legislaci\u00f3n aplicable<\/b><\/h2><p><span style=\"font-weight: 400;\">Podr\u00edan existir archivos ofim\u00e1ticos en PDF u otros formatos publicados antes del 20 de septiembre de 2018 que no cumplan en su totalidad todos los requisitos de accesibilidad. Aunque se ha procurado que la mayor\u00eda de ellos s\u00ed lo cumplan.<\/span><\/p><h2><b>Preparaci\u00f3n para la siguiente declaraci\u00f3n de accesibilidad<\/b><\/h2><p><span style=\"font-weight: 400;\">La presente declaraci\u00f3n fue preparada el <\/span><span style=\"font-weight: 400;\">18 de mayo de 2023<\/span><span style=\"font-weight: 400;\">.<\/span><\/p><p><span style=\"font-weight: 400;\">El m\u00e9todo empleado para preparar la declaraci\u00f3n ha sido una autoevaluaci\u00f3n llevada a cabo por el propio organismo.<\/span><\/p><h4><b>Observaciones y datos de contacto<\/b><\/h4><p><span style=\"font-weight: 400;\">Puede realizar comunicaciones sobre requisitos de accesibilidad (art\u00edculo 10.2.a del RD 1112\/2018) como, por ejemplo:<\/span><\/p><ul><li style=\"font-weight: 400;\" aria-level=\"1\"><span style=\"font-weight: 400;\">Informar sobre cualquier posible incumplimiento por parte de este sitio web<\/span><\/li><li style=\"font-weight: 400;\" aria-level=\"1\"><span style=\"font-weight: 400;\">Transmitir otras dificultades de acceso al contenido<\/span><\/li><li style=\"font-weight: 400;\" aria-level=\"1\"><span style=\"font-weight: 400;\">Formular cualquier otra consulta o sugerencia de mejora relativa a la accesibilidad del sitio web<\/span><\/li><\/ul><p><span style=\"font-weight: 400;\">a trav\u00e9s del\u00a0<\/span><a href=\"about:blank\"><span style=\"font-weight: 400;\">formulario de contacto<\/span><\/a><span style=\"font-weight: 400;\"> de este sitio web o a trav\u00e9s del n\u00famero de tel\u00e9fono 675 50 37 50<\/span><\/p><p><span style=\"font-weight: 400;\">Puede presentar:<\/span><\/p><ul><li style=\"font-weight: 400;\" aria-level=\"1\"><span style=\"font-weight: 400;\">Queja relativa al cumplimiento de los requisitos del RD 1112\/2018 o<\/span><\/li><li style=\"font-weight: 400;\" aria-level=\"1\"><span style=\"font-weight: 400;\">Solicitud de Informaci\u00f3n accesible relativa a:<\/span><ul><li style=\"font-weight: 400;\" aria-level=\"2\"><span style=\"font-weight: 400;\">Contenidos que est\u00e1n excluidos del \u00e1mbito de aplicaci\u00f3n del RD 1112\/2018 seg\u00fan lo establecido por el art\u00edculo 3, apartado 4<\/span><\/li><li style=\"font-weight: 400;\" aria-level=\"2\"><span style=\"font-weight: 400;\">Contenidos que est\u00e1n exentos del cumplimiento de los requisitos de accesibilidad por imponer una carga desproporcionada<\/span><\/li><\/ul><\/li><\/ul><p><span style=\"font-weight: 400;\">En la Solicitud de informaci\u00f3n accesible, se debe concretar, con toda claridad, los hechos, razones y petici\u00f3n que permitan constatar que se trata de una solicitud razonable y leg\u00edtima.<\/span><\/p><p><span style=\"font-weight: 400;\">Las quejas y reclamaciones sobre informaci\u00f3n accesible se realizar\u00e1n a trav\u00e9s del formulario de contacto.<\/span><\/p><h2><b>Contenido opcional<\/b><\/h2><p><span style=\"font-weight: 400;\">Este portal est\u00e1 dise\u00f1ado para poder cambiar el tama\u00f1o del texto y el color, as\u00ed como el fondo de la p\u00e1gina mediante las opciones de configuraci\u00f3n est\u00e1ndar de los navegadores.<\/span><\/p><p><\/p>\t\t\t\t\t\t\t\t<\/div>\n\t\t\t\t<\/div>\n\t\t\t\t\t<\/div>\n\t\t<\/div>\n\t\t\t\t\t<\/div>\n\t\t<\/section>\n\t\t\t\t<\/div>\n\t\t","protected":false},"excerpt":{"rendered":"<p>Accesibilidad JARDINES CASTIELLO se ha comprometido a hacer accesible su sitio web, de conformidad con el Real Decreto 1112\/2018, de 7 de septiembre, sobre accesibilidad de los sitios web y aplicaciones para dispositivos m\u00f3viles del sector p\u00fablico. La presente declaraci\u00f3n de accesibilidad se aplica al sitio web http:\/\/www.jardinescastiello.es\/ Situaci\u00f3n de cumplimiento Este sitio web es [&hellip;]<\/p>\n","protected":false},"author":1,"featured_media":0,"parent":0,"menu_order":0,"comment_status":"closed","ping_status":"closed","template":"","meta":{"site-sidebar-layout":"no-sidebar","site-content-layout":"page-builder","ast-site-content-layout":"default","site-content-style":"default","site-sidebar-style":"default","ast-global-header-display":"","ast-banner-title-visibility":"","ast-main-header-display":"","ast-hfb-above-header-display":"","ast-hfb-below-header-display":"","ast-hfb-mobile-header-display":"","site-post-title":"disabled","ast-breadcrumbs-content":"","ast-featured-img":"disabled","footer-sml-layout":"","ast-disable-related-posts":"","theme-transparent-header-meta":"enabled","adv-header-id-meta":"","stick-header-meta":"","header-above-stick-meta":"","header-main-stick-meta":"","header-below-stick-meta":"","astra-migrate-meta-layouts":"default","ast-page-background-enabled":"default","ast-page-background-meta":{"desktop":{"background-color":"","background-image":"","background-repeat":"repeat","background-position":"center center","background-size":"auto","background-attachment":"scroll","background-type":"","background-media":"","overlay-type":"","overlay-color":"","overlay-opacity":"","overlay-gradient":""},"tablet":{"background-color":"","background-image":"","background-repeat":"repeat","background-position":"center center","background-size":"auto","background-attachment":"scroll","background-type":"","background-media":"","overlay-type":"","overlay-color":"","overlay-opacity":"","overlay-gradient":""},"mobile":{"background-color":"","background-image":"","background-repeat":"repeat","background-position":"center center","background-size":"auto","background-attachment":"scroll","background-type":"","background-media":"","overlay-type":"","overlay-color":"","overlay-opacity":"","overlay-gradient":""}},"ast-content-background-meta":{"desktop":{"background-color":"var(--ast-global-color-5)","background-image":"","background-repeat":"repeat","background-position":"center center","background-size":"auto","background-attachment":"scroll","background-type":"","background-media":"","overlay-type":"","overlay-color":"","overlay-opacity":"","overlay-gradient":""},"tablet":{"background-color":"var(--ast-global-color-5)","background-image":"","background-repeat":"repeat","background-position":"center center","background-size":"auto","background-attachment":"scroll","background-type":"","background-media":"","overlay-type":"","overlay-color":"","overlay-opacity":"","overlay-gradient":""},"mobile":{"background-color":"var(--ast-global-color-5)","background-image":"","background-repeat":"repeat","background-position":"center center","background-size":"auto","background-attachment":"scroll","background-type":"","background-media":"","overlay-type":"","overlay-color":"","overlay-opacity":"","overlay-gradient":""}},"_joinchat":[],"footnotes":""},"class_list":["post-2176","page","type-page","status-publish","hentry"],"yoast_head":"<!-- This site is optimized with the Yoast SEO plugin v27.3 - https:\/\/yoast.com\/product\/yoast-seo-wordpress\/ -->\n<title>Accesibilidad - Jardines Castiello<\/title>\n<meta name=\"description\" content=\"Recoge informaci\u00f3n sobre a accesibilidad que tiene Jardines Castiello.\" \/>\n<meta name=\"robots\" content=\"index, follow, max-snippet:-1, max-image-preview:large, max-video-preview:-1\" \/>\n<link rel=\"canonical\" href=\"https:\/\/jardinescastiello.es\/en\/accesibilidad\/\" \/>\n<meta property=\"og:locale\" content=\"en_GB\" \/>\n<meta property=\"og:type\" content=\"article\" \/>\n<meta property=\"og:title\" content=\"Accesibilidad - Jardines Castiello\" \/>\n<meta property=\"og:description\" content=\"Recoge informaci\u00f3n sobre a accesibilidad que tiene Jardines Castiello.\" \/>\n<meta property=\"og:url\" content=\"https:\/\/jardinescastiello.es\/en\/accesibilidad\/\" \/>\n<meta property=\"og:site_name\" content=\"Jardines Castiello\" \/>\n<meta property=\"article:modified_time\" content=\"2023-05-24T07:46:40+00:00\" \/>\n<meta name=\"twitter:card\" content=\"summary_large_image\" \/>\n<meta name=\"twitter:label1\" content=\"Estimated reading time\" \/>\n\t<meta name=\"twitter:data1\" content=\"3 minutes\" \/>\n<script type=\"application\/ld+json\" class=\"yoast-schema-graph\">{\"@context\":\"https:\\\/\\\/schema.org\",\"@graph\":[{\"@type\":\"WebPage\",\"@id\":\"https:\\\/\\\/jardinescastiello.es\\\/accesibilidad\",\"url\":\"https:\\\/\\\/jardinescastiello.es\\\/accesibilidad\",\"name\":\"Accesibilidad - Jardines Castiello\",\"isPartOf\":{\"@id\":\"https:\\\/\\\/jardinescastiello.es\\\/#website\"},\"datePublished\":\"2023-05-24T07:40:15+00:00\",\"dateModified\":\"2023-05-24T07:46:40+00:00\",\"description\":\"Recoge informaci\u00f3n sobre a accesibilidad que tiene Jardines Castiello.\",\"breadcrumb\":{\"@id\":\"https:\\\/\\\/jardinescastiello.es\\\/accesibilidad#breadcrumb\"},\"inLanguage\":\"en-GB\",\"potentialAction\":[{\"@type\":\"ReadAction\",\"target\":[\"https:\\\/\\\/jardinescastiello.es\\\/accesibilidad\"]}]},{\"@type\":\"BreadcrumbList\",\"@id\":\"https:\\\/\\\/jardinescastiello.es\\\/accesibilidad#breadcrumb\",\"itemListElement\":[{\"@type\":\"ListItem\",\"position\":1,\"name\":\"Portada\",\"item\":\"https:\\\/\\\/jardinescastiello.es\\\/\"},{\"@type\":\"ListItem\",\"position\":2,\"name\":\"Accesibilidad\"}]},{\"@type\":\"WebSite\",\"@id\":\"https:\\\/\\\/jardinescastiello.es\\\/#website\",\"url\":\"https:\\\/\\\/jardinescastiello.es\\\/\",\"name\":\"Jardines Castiello\",\"description\":\"Realizamos jardines verticales a medida, amplias superficies exteriores o peque\u00f1os cuadros de interior para hoteles.\",\"publisher\":{\"@id\":\"https:\\\/\\\/jardinescastiello.es\\\/#organization\"},\"potentialAction\":[{\"@type\":\"SearchAction\",\"target\":{\"@type\":\"EntryPoint\",\"urlTemplate\":\"https:\\\/\\\/jardinescastiello.es\\\/?s={search_term_string}\"},\"query-input\":{\"@type\":\"PropertyValueSpecification\",\"valueRequired\":true,\"valueName\":\"search_term_string\"}}],\"inLanguage\":\"en-GB\"},{\"@type\":\"Organization\",\"@id\":\"https:\\\/\\\/jardinescastiello.es\\\/#organization\",\"name\":\"Jardines Castiello\",\"url\":\"https:\\\/\\\/jardinescastiello.es\\\/\",\"logo\":{\"@type\":\"ImageObject\",\"inLanguage\":\"en-GB\",\"@id\":\"https:\\\/\\\/jardinescastiello.es\\\/#\\\/schema\\\/logo\\\/image\\\/\",\"url\":\"https:\\\/\\\/jardinescastiello.es\\\/wp-content\\\/uploads\\\/2023\\\/05\\\/logoo.png\",\"contentUrl\":\"https:\\\/\\\/jardinescastiello.es\\\/wp-content\\\/uploads\\\/2023\\\/05\\\/logoo.png\",\"width\":180,\"height\":60,\"caption\":\"Jardines Castiello\"},\"image\":{\"@id\":\"https:\\\/\\\/jardinescastiello.es\\\/#\\\/schema\\\/logo\\\/image\\\/\"}}]}<\/script>\n<!-- \/ Yoast SEO plugin. -->","yoast_head_json":{"title":"Accesibilidad - Jardines Castiello","description":"Recoge informaci\u00f3n sobre a accesibilidad que tiene Jardines Castiello.","robots":{"index":"index","follow":"follow","max-snippet":"max-snippet:-1","max-image-preview":"max-image-preview:large","max-video-preview":"max-video-preview:-1"},"canonical":"https:\/\/jardinescastiello.es\/en\/accesibilidad\/","og_locale":"en_GB","og_type":"article","og_title":"Accesibilidad - Jardines Castiello","og_description":"Recoge informaci\u00f3n sobre a accesibilidad que tiene Jardines Castiello.","og_url":"https:\/\/jardinescastiello.es\/en\/accesibilidad\/","og_site_name":"Jardines Castiello","article_modified_time":"2023-05-24T07:46:40+00:00","twitter_card":"summary_large_image","twitter_misc":{"Estimated reading time":"3 minutes"},"schema":{"@context":"https:\/\/schema.org","@graph":[{"@type":"WebPage","@id":"https:\/\/jardinescastiello.es\/accesibilidad","url":"https:\/\/jardinescastiello.es\/accesibilidad","name":"Accesibilidad - Jardines Castiello","isPartOf":{"@id":"https:\/\/jardinescastiello.es\/#website"},"datePublished":"2023-05-24T07:40:15+00:00","dateModified":"2023-05-24T07:46:40+00:00","description":"Recoge informaci\u00f3n sobre a accesibilidad que tiene Jardines Castiello.","breadcrumb":{"@id":"https:\/\/jardinescastiello.es\/accesibilidad#breadcrumb"},"inLanguage":"en-GB","potentialAction":[{"@type":"ReadAction","target":["https:\/\/jardinescastiello.es\/accesibilidad"]}]},{"@type":"BreadcrumbList","@id":"https:\/\/jardinescastiello.es\/accesibilidad#breadcrumb","itemListElement":[{"@type":"ListItem","position":1,"name":"Portada","item":"https:\/\/jardinescastiello.es\/"},{"@type":"ListItem","position":2,"name":"Accesibilidad"}]},{"@type":"WebSite","@id":"https:\/\/jardinescastiello.es\/#website","url":"https:\/\/jardinescastiello.es\/","name":"Jardines Castiello","description":"Realizamos jardines verticales a medida, amplias superficies exteriores o peque\u00f1os cuadros de interior para hoteles.","publisher":{"@id":"https:\/\/jardinescastiello.es\/#organization"},"potentialAction":[{"@type":"SearchAction","target":{"@type":"EntryPoint","urlTemplate":"https:\/\/jardinescastiello.es\/?s={search_term_string}"},"query-input":{"@type":"PropertyValueSpecification","valueRequired":true,"valueName":"search_term_string"}}],"inLanguage":"en-GB"},{"@type":"Organization","@id":"https:\/\/jardinescastiello.es\/#organization","name":"Jardines Castiello","url":"https:\/\/jardinescastiello.es\/","logo":{"@type":"ImageObject","inLanguage":"en-GB","@id":"https:\/\/jardinescastiello.es\/#\/schema\/logo\/image\/","url":"https:\/\/jardinescastiello.es\/wp-content\/uploads\/2023\/05\/logoo.png","contentUrl":"https:\/\/jardinescastiello.es\/wp-content\/uploads\/2023\/05\/logoo.png","width":180,"height":60,"caption":"Jardines Castiello"},"image":{"@id":"https:\/\/jardinescastiello.es\/#\/schema\/logo\/image\/"}}]}},"_links":{"self":[{"href":"https:\/\/jardinescastiello.es\/en\/wp-json\/wp\/v2\/pages\/2176","targetHints":{"allow":["GET"]}}],"collection":[{"href":"https:\/\/jardinescastiello.es\/en\/wp-json\/wp\/v2\/pages"}],"about":[{"href":"https:\/\/jardinescastiello.es\/en\/wp-json\/wp\/v2\/types\/page"}],"author":[{"embeddable":true,"href":"https:\/\/jardinescastiello.es\/en\/wp-json\/wp\/v2\/users\/1"}],"replies":[{"embeddable":true,"href":"https:\/\/jardinescastiello.es\/en\/wp-json\/wp\/v2\/comments?post=2176"}],"version-history":[{"count":9,"href":"https:\/\/jardinescastiello.es\/en\/wp-json\/wp\/v2\/pages\/2176\/revisions"}],"predecessor-version":[{"id":2186,"href":"https:\/\/jardinescastiello.es\/en\/wp-json\/wp\/v2\/pages\/2176\/revisions\/2186"}],"wp:attachment":[{"href":"https:\/\/jardinescastiello.es\/en\/wp-json\/wp\/v2\/media?parent=2176"}],"curies":[{"name":"wp","href":"https:\/\/api.w.org\/{rel}","templated":true}]}}