{"id":2066,"date":"2023-05-07T12:13:55","date_gmt":"2023-05-07T12:13:55","guid":{"rendered":"https:\/\/kitjesuscastiello.premm.es\/?page_id=2066"},"modified":"2023-05-08T12:58:47","modified_gmt":"2023-05-08T12:58:47","slug":"politica-privacidad","status":"publish","type":"page","link":"https:\/\/jardinescastiello.es\/en\/politica-privacidad","title":{"rendered":"Privacy Policy"},"content":{"rendered":"<div data-elementor-type=\"wp-post\" data-elementor-id=\"2066\" class=\"elementor elementor-2066\">\n\t\t\t\t\t\t<section class=\"elementor-section elementor-top-section elementor-element elementor-element-fa51bed elementor-section-boxed elementor-section-height-default elementor-section-height-default\" data-id=\"fa51bed\" data-element_type=\"section\" data-e-type=\"section\" data-settings=\"{&quot;background_background&quot;:&quot;classic&quot;}\">\n\t\t\t\t\t\t\t<div class=\"elementor-background-overlay\"><\/div>\n\t\t\t\t\t\t\t<div class=\"elementor-container elementor-column-gap-no\">\n\t\t\t\t\t<div class=\"elementor-column elementor-col-100 elementor-top-column elementor-element elementor-element-74a8848\" data-id=\"74a8848\" data-element_type=\"column\" data-e-type=\"column\">\n\t\t\t<div class=\"elementor-widget-wrap elementor-element-populated\">\n\t\t\t\t\t\t<div class=\"elementor-element elementor-element-c3ff2c9 elementor-widget__width-initial elementor-widget elementor-widget-heading\" data-id=\"c3ff2c9\" data-element_type=\"widget\" data-e-type=\"widget\" data-widget_type=\"heading.default\">\n\t\t\t\t<div class=\"elementor-widget-container\">\n\t\t\t\t\t<h1 class=\"elementor-heading-title elementor-size-default\">Privacy Policy<\/h1>\t\t\t\t<\/div>\n\t\t\t\t<\/div>\n\t\t\t\t<div class=\"elementor-element elementor-element-3a35bc2 elementor-widget elementor-widget-spacer\" data-id=\"3a35bc2\" data-element_type=\"widget\" data-e-type=\"widget\" data-widget_type=\"spacer.default\">\n\t\t\t\t<div class=\"elementor-widget-container\">\n\t\t\t\t\t\t\t<div class=\"elementor-spacer\">\n\t\t\t<div class=\"elementor-spacer-inner\"><\/div>\n\t\t<\/div>\n\t\t\t\t\t\t<\/div>\n\t\t\t\t<\/div>\n\t\t\t\t\t<\/div>\n\t\t<\/div>\n\t\t\t\t\t<\/div>\n\t\t<\/section>\n\t\t\t\t<section class=\"elementor-section elementor-top-section elementor-element elementor-element-680421f elementor-section-boxed elementor-section-height-default elementor-section-height-default\" data-id=\"680421f\" data-element_type=\"section\" data-e-type=\"section\">\n\t\t\t\t\t\t<div class=\"elementor-container elementor-column-gap-default\">\n\t\t\t\t\t<div class=\"elementor-column elementor-col-100 elementor-top-column elementor-element elementor-element-e2d6c01\" data-id=\"e2d6c01\" data-element_type=\"column\" data-e-type=\"column\">\n\t\t\t<div class=\"elementor-widget-wrap\">\n\t\t\t\t\t\t\t<\/div>\n\t\t<\/div>\n\t\t\t\t\t<\/div>\n\t\t<\/section>\n\t\t\t\t<section class=\"elementor-section elementor-top-section elementor-element elementor-element-a1cc638 elementor-section-boxed elementor-section-height-default elementor-section-height-default\" data-id=\"a1cc638\" data-element_type=\"section\" data-e-type=\"section\">\n\t\t\t\t\t\t<div class=\"elementor-container elementor-column-gap-default\">\n\t\t\t\t\t<div class=\"elementor-column elementor-col-100 elementor-top-column elementor-element elementor-element-d2382c5\" data-id=\"d2382c5\" data-element_type=\"column\" data-e-type=\"column\">\n\t\t\t<div class=\"elementor-widget-wrap elementor-element-populated\">\n\t\t\t\t\t\t<div class=\"elementor-element elementor-element-9b1736b elementor-widget elementor-widget-text-editor\" data-id=\"9b1736b\" data-element_type=\"widget\" data-e-type=\"widget\" data-widget_type=\"text-editor.default\">\n\t\t\t\t<div class=\"elementor-widget-container\">\n\t\t\t\t\t\t\t\t\t<p style=\"font-size: 17px; font-style: normal; font-weight: 400; margin-bottom: 1.6em; color: #3e4359; text-align: justify;\">This Privacy Policy establishes the terms in which, <strong>JESUS CASTIELLO VALENZUELA<\/strong> with CIF: 44631181A, uses and protects the information that is provided by its users when using its website. This company is committed to the security of its users' data. When we ask you to fill in the personal information fields, with which you can be identified, we do so ensuring that it will only be used in accordance with the terms of this document. However, this Privacy Policy may change over time or be updated, so we recommend and emphasize that you continually review this page to ensure that you agree with such changes.<\/p><p style=\"font-size: 17px; font-style: normal; font-weight: 400; margin-bottom: 1.6em; color: #3e4359; text-align: justify;\"><span style=\"font-weight: bold;\">User rights<\/span><\/p><p style=\"font-size: 17px; font-style: normal; font-weight: 400; margin-bottom: 1.6em; color: #3e4359; text-align: justify;\">We inform you that you may exercise the rights of access, rectification, limitation of treatment, opposition and portability in accordance with the provisions of Regulation 2016\/679 of April 27 on the Protection of Personal Data and Organic Law 3\/2018, of 5 of December, of protection of personal data and guarantee of digital rights (LOPDGDD 3\/2018) and following the Recommendations and Instructions issued by the Spanish Agency for Data Protection (A.E.P.D.), by sending an email to info@plantasonwall.com, or a letter together with a photocopy of your ID, to the following address: C\/ Caminos del Norte, 11,<br \/>50014, Zaragoza.\u00a0<\/p><p style=\"font-size: 17px; font-style: normal; font-weight: 400; margin-bottom: 1.6em; color: #3e4359; text-align: justify;\"><span style=\"font-weight: bold;\">Information that is collected\u00a0<\/span><\/p><p style=\"font-size: 17px; font-style: normal; font-weight: 400; margin-bottom: 1.6em; color: #3e4359; text-align: justify;\">Our website may collect personal information, for example: Name, contact information such as your email address and demographic information. Likewise, when necessary, specific information may be required to process an order or make a delivery or billing.\u00a0<\/p><p style=\"font-size: 17px; font-style: normal; font-weight: 400; margin-bottom: 1.6em; color: #3e4359; text-align: justify;\"><span style=\"font-weight: bold;\">Use of collected information<\/span>\u00a0<\/p><p style=\"font-size: 17px; font-style: normal; font-weight: 400; margin-bottom: 1.6em; color: #3e4359; text-align: justify;\">Our website uses the information in order to provide the best possible service, particularly to maintain a registry of users, of orders, if applicable, and to improve our products and services. Periodic emails may be sent through our site with special offers, new products and other advertising information that we believe is relevant to you or may be of benefit to you. These emails will be sent to the address you provide and may be canceled at any time.\u00a0<\/p><p style=\"font-size: 17px; font-style: normal; font-weight: 400; margin-bottom: 1.6em; color: #3e4359; text-align: justify;\"><strong>JESUS CASTIELLO VALENZUELA<\/strong> is highly committed to fulfill the commitment to keep your information secure. We use the most advanced systems and constantly update them to ensure that there is no unauthorized access.<\/p>\t\t\t\t\t\t\t\t<\/div>\n\t\t\t\t<\/div>\n\t\t\t\t\t<\/div>\n\t\t<\/div>\n\t\t\t\t\t<\/div>\n\t\t<\/section>\n\t\t\t\t<\/div>","protected":false},"excerpt":{"rendered":"<p>Pol\u00edtica de privacidad La presente Pol\u00edtica de Privacidad establece los t\u00e9rminos en que, JESUS CASTIELLO VALENZUELA con CIF: 44631181A, usa y protege la informaci\u00f3n que es proporcionada por sus usuarios al momento de utilizar su sitio web. Esta compa\u00f1\u00eda est\u00e1 comprometida con la seguridad de los datos de sus usuarios.\u00a0 Cuando le pedimos llenar los [&hellip;]<\/p>\n","protected":false},"author":1,"featured_media":0,"parent":0,"menu_order":0,"comment_status":"closed","ping_status":"closed","template":"","meta":{"site-sidebar-layout":"no-sidebar","site-content-layout":"page-builder","ast-site-content-layout":"default","site-content-style":"default","site-sidebar-style":"default","ast-global-header-display":"","ast-banner-title-visibility":"","ast-main-header-display":"","ast-hfb-above-header-display":"","ast-hfb-below-header-display":"","ast-hfb-mobile-header-display":"","site-post-title":"disabled","ast-breadcrumbs-content":"","ast-featured-img":"disabled","footer-sml-layout":"","ast-disable-related-posts":"","theme-transparent-header-meta":"enabled","adv-header-id-meta":"","stick-header-meta":"","header-above-stick-meta":"","header-main-stick-meta":"","header-below-stick-meta":"","astra-migrate-meta-layouts":"default","ast-page-background-enabled":"default","ast-page-background-meta":{"desktop":{"background-color":"","background-image":"","background-repeat":"repeat","background-position":"center center","background-size":"auto","background-attachment":"scroll","background-type":"","background-media":"","overlay-type":"","overlay-color":"","overlay-opacity":"","overlay-gradient":""},"tablet":{"background-color":"","background-image":"","background-repeat":"repeat","background-position":"center center","background-size":"auto","background-attachment":"scroll","background-type":"","background-media":"","overlay-type":"","overlay-color":"","overlay-opacity":"","overlay-gradient":""},"mobile":{"background-color":"","background-image":"","background-repeat":"repeat","background-position":"center center","background-size":"auto","background-attachment":"scroll","background-type":"","background-media":"","overlay-type":"","overlay-color":"","overlay-opacity":"","overlay-gradient":""}},"ast-content-background-meta":{"desktop":{"background-color":"var(--ast-global-color-5)","background-image":"","background-repeat":"repeat","background-position":"center center","background-size":"auto","background-attachment":"scroll","background-type":"","background-media":"","overlay-type":"","overlay-color":"","overlay-opacity":"","overlay-gradient":""},"tablet":{"background-color":"var(--ast-global-color-5)","background-image":"","background-repeat":"repeat","background-position":"center center","background-size":"auto","background-attachment":"scroll","background-type":"","background-media":"","overlay-type":"","overlay-color":"","overlay-opacity":"","overlay-gradient":""},"mobile":{"background-color":"var(--ast-global-color-5)","background-image":"","background-repeat":"repeat","background-position":"center center","background-size":"auto","background-attachment":"scroll","background-type":"","background-media":"","overlay-type":"","overlay-color":"","overlay-opacity":"","overlay-gradient":""}},"_joinchat":[],"footnotes":""},"class_list":["post-2066","page","type-page","status-publish","hentry"],"yoast_head":"<!-- This site is optimized with the Yoast SEO plugin v27.3 - https:\/\/yoast.com\/product\/yoast-seo-wordpress\/ -->\n<title>Pol\u00edtica de privacidad - Jardines Castiello<\/title>\n<meta name=\"robots\" content=\"index, follow, max-snippet:-1, max-image-preview:large, max-video-preview:-1\" \/>\n<link rel=\"canonical\" href=\"https:\/\/jardinescastiello.es\/en\/politica-privacidad\/\" \/>\n<meta property=\"og:locale\" content=\"en_GB\" \/>\n<meta property=\"og:type\" content=\"article\" \/>\n<meta property=\"og:title\" content=\"Pol\u00edtica de privacidad - Jardines Castiello\" \/>\n<meta property=\"og:description\" content=\"Pol\u00edtica de privacidad La presente Pol\u00edtica de Privacidad establece los t\u00e9rminos en que, JESUS CASTIELLO VALENZUELA con CIF: 44631181A, usa y protege la informaci\u00f3n que es proporcionada por sus usuarios al momento de utilizar su sitio web. Esta compa\u00f1\u00eda est\u00e1 comprometida con la seguridad de los datos de sus usuarios.\u00a0 Cuando le pedimos llenar los [&hellip;]\" \/>\n<meta property=\"og:url\" content=\"https:\/\/jardinescastiello.es\/en\/politica-privacidad\/\" \/>\n<meta property=\"og:site_name\" content=\"Jardines Castiello\" \/>\n<meta property=\"article:modified_time\" content=\"2023-05-08T12:58:47+00:00\" \/>\n<meta name=\"twitter:card\" content=\"summary_large_image\" \/>\n<meta name=\"twitter:label1\" content=\"Estimated reading time\" \/>\n\t<meta name=\"twitter:data1\" content=\"2 minutes\" \/>\n<script type=\"application\/ld+json\" class=\"yoast-schema-graph\">{\"@context\":\"https:\\\/\\\/schema.org\",\"@graph\":[{\"@type\":\"WebPage\",\"@id\":\"https:\\\/\\\/jardinescastiello.es\\\/politica-privacidad\",\"url\":\"https:\\\/\\\/jardinescastiello.es\\\/politica-privacidad\",\"name\":\"Pol\u00edtica de privacidad - Jardines Castiello\",\"isPartOf\":{\"@id\":\"https:\\\/\\\/jardinescastiello.es\\\/#website\"},\"datePublished\":\"2023-05-07T12:13:55+00:00\",\"dateModified\":\"2023-05-08T12:58:47+00:00\",\"breadcrumb\":{\"@id\":\"https:\\\/\\\/jardinescastiello.es\\\/politica-privacidad#breadcrumb\"},\"inLanguage\":\"en-GB\",\"potentialAction\":[{\"@type\":\"ReadAction\",\"target\":[\"https:\\\/\\\/jardinescastiello.es\\\/politica-privacidad\"]}]},{\"@type\":\"BreadcrumbList\",\"@id\":\"https:\\\/\\\/jardinescastiello.es\\\/politica-privacidad#breadcrumb\",\"itemListElement\":[{\"@type\":\"ListItem\",\"position\":1,\"name\":\"Portada\",\"item\":\"https:\\\/\\\/jardinescastiello.es\\\/\"},{\"@type\":\"ListItem\",\"position\":2,\"name\":\"Pol\u00edtica de privacidad\"}]},{\"@type\":\"WebSite\",\"@id\":\"https:\\\/\\\/jardinescastiello.es\\\/#website\",\"url\":\"https:\\\/\\\/jardinescastiello.es\\\/\",\"name\":\"Jardines Castiello\",\"description\":\"Realizamos jardines verticales a medida, amplias superficies exteriores o peque\u00f1os cuadros de interior para hoteles.\",\"publisher\":{\"@id\":\"https:\\\/\\\/jardinescastiello.es\\\/#organization\"},\"potentialAction\":[{\"@type\":\"SearchAction\",\"target\":{\"@type\":\"EntryPoint\",\"urlTemplate\":\"https:\\\/\\\/jardinescastiello.es\\\/?s={search_term_string}\"},\"query-input\":{\"@type\":\"PropertyValueSpecification\",\"valueRequired\":true,\"valueName\":\"search_term_string\"}}],\"inLanguage\":\"en-GB\"},{\"@type\":\"Organization\",\"@id\":\"https:\\\/\\\/jardinescastiello.es\\\/#organization\",\"name\":\"Jardines Castiello\",\"url\":\"https:\\\/\\\/jardinescastiello.es\\\/\",\"logo\":{\"@type\":\"ImageObject\",\"inLanguage\":\"en-GB\",\"@id\":\"https:\\\/\\\/jardinescastiello.es\\\/#\\\/schema\\\/logo\\\/image\\\/\",\"url\":\"https:\\\/\\\/jardinescastiello.es\\\/wp-content\\\/uploads\\\/2023\\\/05\\\/logoo.png\",\"contentUrl\":\"https:\\\/\\\/jardinescastiello.es\\\/wp-content\\\/uploads\\\/2023\\\/05\\\/logoo.png\",\"width\":180,\"height\":60,\"caption\":\"Jardines Castiello\"},\"image\":{\"@id\":\"https:\\\/\\\/jardinescastiello.es\\\/#\\\/schema\\\/logo\\\/image\\\/\"}}]}<\/script>\n<!-- \/ Yoast SEO plugin. -->","yoast_head_json":{"title":"Pol\u00edtica de privacidad - Jardines Castiello","robots":{"index":"index","follow":"follow","max-snippet":"max-snippet:-1","max-image-preview":"max-image-preview:large","max-video-preview":"max-video-preview:-1"},"canonical":"https:\/\/jardinescastiello.es\/en\/politica-privacidad\/","og_locale":"en_GB","og_type":"article","og_title":"Pol\u00edtica de privacidad - Jardines Castiello","og_description":"Pol\u00edtica de privacidad La presente Pol\u00edtica de Privacidad establece los t\u00e9rminos en que, JESUS CASTIELLO VALENZUELA con CIF: 44631181A, usa y protege la informaci\u00f3n que es proporcionada por sus usuarios al momento de utilizar su sitio web. Esta compa\u00f1\u00eda est\u00e1 comprometida con la seguridad de los datos de sus usuarios.\u00a0 Cuando le pedimos llenar los [&hellip;]","og_url":"https:\/\/jardinescastiello.es\/en\/politica-privacidad\/","og_site_name":"Jardines Castiello","article_modified_time":"2023-05-08T12:58:47+00:00","twitter_card":"summary_large_image","twitter_misc":{"Estimated reading time":"2 minutes"},"schema":{"@context":"https:\/\/schema.org","@graph":[{"@type":"WebPage","@id":"https:\/\/jardinescastiello.es\/politica-privacidad","url":"https:\/\/jardinescastiello.es\/politica-privacidad","name":"Pol\u00edtica de privacidad - Jardines Castiello","isPartOf":{"@id":"https:\/\/jardinescastiello.es\/#website"},"datePublished":"2023-05-07T12:13:55+00:00","dateModified":"2023-05-08T12:58:47+00:00","breadcrumb":{"@id":"https:\/\/jardinescastiello.es\/politica-privacidad#breadcrumb"},"inLanguage":"en-GB","potentialAction":[{"@type":"ReadAction","target":["https:\/\/jardinescastiello.es\/politica-privacidad"]}]},{"@type":"BreadcrumbList","@id":"https:\/\/jardinescastiello.es\/politica-privacidad#breadcrumb","itemListElement":[{"@type":"ListItem","position":1,"name":"Portada","item":"https:\/\/jardinescastiello.es\/"},{"@type":"ListItem","position":2,"name":"Pol\u00edtica de privacidad"}]},{"@type":"WebSite","@id":"https:\/\/jardinescastiello.es\/#website","url":"https:\/\/jardinescastiello.es\/","name":"Jardines Castiello","description":"Realizamos jardines verticales a medida, amplias superficies exteriores o peque\u00f1os cuadros de interior para hoteles.","publisher":{"@id":"https:\/\/jardinescastiello.es\/#organization"},"potentialAction":[{"@type":"SearchAction","target":{"@type":"EntryPoint","urlTemplate":"https:\/\/jardinescastiello.es\/?s={search_term_string}"},"query-input":{"@type":"PropertyValueSpecification","valueRequired":true,"valueName":"search_term_string"}}],"inLanguage":"en-GB"},{"@type":"Organization","@id":"https:\/\/jardinescastiello.es\/#organization","name":"Jardines Castiello","url":"https:\/\/jardinescastiello.es\/","logo":{"@type":"ImageObject","inLanguage":"en-GB","@id":"https:\/\/jardinescastiello.es\/#\/schema\/logo\/image\/","url":"https:\/\/jardinescastiello.es\/wp-content\/uploads\/2023\/05\/logoo.png","contentUrl":"https:\/\/jardinescastiello.es\/wp-content\/uploads\/2023\/05\/logoo.png","width":180,"height":60,"caption":"Jardines Castiello"},"image":{"@id":"https:\/\/jardinescastiello.es\/#\/schema\/logo\/image\/"}}]}},"_links":{"self":[{"href":"https:\/\/jardinescastiello.es\/en\/wp-json\/wp\/v2\/pages\/2066","targetHints":{"allow":["GET"]}}],"collection":[{"href":"https:\/\/jardinescastiello.es\/en\/wp-json\/wp\/v2\/pages"}],"about":[{"href":"https:\/\/jardinescastiello.es\/en\/wp-json\/wp\/v2\/types\/page"}],"author":[{"embeddable":true,"href":"https:\/\/jardinescastiello.es\/en\/wp-json\/wp\/v2\/users\/1"}],"replies":[{"embeddable":true,"href":"https:\/\/jardinescastiello.es\/en\/wp-json\/wp\/v2\/comments?post=2066"}],"version-history":[{"count":5,"href":"https:\/\/jardinescastiello.es\/en\/wp-json\/wp\/v2\/pages\/2066\/revisions"}],"predecessor-version":[{"id":2157,"href":"https:\/\/jardinescastiello.es\/en\/wp-json\/wp\/v2\/pages\/2066\/revisions\/2157"}],"wp:attachment":[{"href":"https:\/\/jardinescastiello.es\/en\/wp-json\/wp\/v2\/media?parent=2066"}],"curies":[{"name":"wp","href":"https:\/\/api.w.org\/{rel}","templated":true}]}}