{"id":1939,"date":"2023-05-06T23:56:03","date_gmt":"2023-05-06T23:56:03","guid":{"rendered":"https:\/\/kitjesuscastiello.premm.es\/?page_id=1939"},"modified":"2023-05-08T20:39:14","modified_gmt":"2023-05-08T20:39:14","slug":"diseno-de-jardines","status":"publish","type":"page","link":"https:\/\/jardinescastiello.es\/en\/diseno-de-jardines","title":{"rendered":"Garden design"},"content":{"rendered":"<div data-elementor-type=\"wp-post\" data-elementor-id=\"1939\" class=\"elementor elementor-1939\">\n\t\t\t\t\t\t<section class=\"elementor-section elementor-top-section elementor-element elementor-element-fa51bed elementor-section-boxed elementor-section-height-default elementor-section-height-default\" data-id=\"fa51bed\" data-element_type=\"section\" data-e-type=\"section\" data-settings=\"{&quot;background_background&quot;:&quot;classic&quot;}\">\n\t\t\t\t\t\t\t<div class=\"elementor-background-overlay\"><\/div>\n\t\t\t\t\t\t\t<div class=\"elementor-container elementor-column-gap-no\">\n\t\t\t\t\t<div class=\"elementor-column elementor-col-100 elementor-top-column elementor-element elementor-element-74a8848\" data-id=\"74a8848\" data-element_type=\"column\" data-e-type=\"column\">\n\t\t\t<div class=\"elementor-widget-wrap elementor-element-populated\">\n\t\t\t\t\t\t<div class=\"elementor-element elementor-element-c3ff2c9 elementor-widget elementor-widget-heading\" data-id=\"c3ff2c9\" data-element_type=\"widget\" data-e-type=\"widget\" data-widget_type=\"heading.default\">\n\t\t\t\t<div class=\"elementor-widget-container\">\n\t\t\t\t\t<h1 class=\"elementor-heading-title elementor-size-default\">Garden design<\/h1>\t\t\t\t<\/div>\n\t\t\t\t<\/div>\n\t\t\t\t<div class=\"elementor-element elementor-element-03a4db6 elementor-widget elementor-widget-text-editor\" data-id=\"03a4db6\" data-element_type=\"widget\" data-e-type=\"widget\" data-widget_type=\"text-editor.default\">\n\t\t\t\t<div class=\"elementor-widget-container\">\n\t\t\t\t\t\t\t\t\t<p>Maybe some description.<\/p>\t\t\t\t\t\t\t\t<\/div>\n\t\t\t\t<\/div>\n\t\t\t\t\t<\/div>\n\t\t<\/div>\n\t\t\t\t\t<\/div>\n\t\t<\/section>\n\t\t\t\t<section class=\"elementor-section elementor-top-section elementor-element elementor-element-7c8c773 elementor-section-boxed elementor-section-height-default elementor-section-height-default\" data-id=\"7c8c773\" data-element_type=\"section\" data-e-type=\"section\" data-settings=\"{&quot;background_background&quot;:&quot;classic&quot;}\">\n\t\t\t\t\t\t<div class=\"elementor-container elementor-column-gap-no\">\n\t\t\t\t\t<div class=\"elementor-column elementor-col-100 elementor-top-column elementor-element elementor-element-aa095c6\" data-id=\"aa095c6\" data-element_type=\"column\" data-e-type=\"column\">\n\t\t\t<div class=\"elementor-widget-wrap elementor-element-populated\">\n\t\t\t\t\t\t<div class=\"elementor-element elementor-element-3a5cddd gallery-spacing-custom elementor-invisible elementor-widget elementor-widget-image-gallery\" data-id=\"3a5cddd\" data-element_type=\"widget\" data-e-type=\"widget\" data-settings=\"{&quot;_animation&quot;:&quot;fadeIn&quot;}\" data-widget_type=\"image-gallery.default\">\n\t\t\t\t<div class=\"elementor-widget-container\">\n\t\t\t\t\t\t\t<div class=\"elementor-image-gallery\">\n\t\t\t<div id='gallery-1' class='gallery galleryid-1939 gallery-columns-2 gallery-size-full'><figure class='gallery-item'>\n\t\t\t<div class='gallery-icon landscape'>\n\t\t\t\t<a href='https:\/\/jardinescastiello.es\/wp-content\/uploads\/2023\/05\/0101____-1-scaled.jpg'><img fetchpriority=\"high\" decoding=\"async\" width=\"2560\" height=\"1920\" src=\"https:\/\/jardinescastiello.es\/wp-content\/uploads\/2023\/05\/0101____-1-scaled.jpg\" class=\"attachment-full size-full\" alt=\"\" srcset=\"https:\/\/jardinescastiello.es\/wp-content\/uploads\/2023\/05\/0101____-1-scaled.jpg 2560w, https:\/\/jardinescastiello.es\/wp-content\/uploads\/2023\/05\/0101____-1-300x225.jpg 300w, https:\/\/jardinescastiello.es\/wp-content\/uploads\/2023\/05\/0101____-1-1024x768.jpg 1024w, https:\/\/jardinescastiello.es\/wp-content\/uploads\/2023\/05\/0101____-1-768x576.jpg 768w, https:\/\/jardinescastiello.es\/wp-content\/uploads\/2023\/05\/0101____-1-1536x1152.jpg 1536w, https:\/\/jardinescastiello.es\/wp-content\/uploads\/2023\/05\/0101____-1-2048x1536.jpg 2048w\" sizes=\"(max-width: 2560px) 100vw, 2560px\" \/><\/a>\n\t\t\t<\/div><\/figure><figure class='gallery-item'>\n\t\t\t<div class='gallery-icon landscape'>\n\t\t\t\t<a href='https:\/\/jardinescastiello.es\/wp-content\/uploads\/2023\/05\/0101-_-1-scaled.jpg'><img decoding=\"async\" width=\"2560\" height=\"1920\" src=\"https:\/\/jardinescastiello.es\/wp-content\/uploads\/2023\/05\/0101-_-1-scaled.jpg\" class=\"attachment-full size-full\" alt=\"\" srcset=\"https:\/\/jardinescastiello.es\/wp-content\/uploads\/2023\/05\/0101-_-1-scaled.jpg 2560w, https:\/\/jardinescastiello.es\/wp-content\/uploads\/2023\/05\/0101-_-1-300x225.jpg 300w, https:\/\/jardinescastiello.es\/wp-content\/uploads\/2023\/05\/0101-_-1-1024x768.jpg 1024w, https:\/\/jardinescastiello.es\/wp-content\/uploads\/2023\/05\/0101-_-1-768x576.jpg 768w, https:\/\/jardinescastiello.es\/wp-content\/uploads\/2023\/05\/0101-_-1-1536x1152.jpg 1536w, https:\/\/jardinescastiello.es\/wp-content\/uploads\/2023\/05\/0101-_-1-2048x1536.jpg 2048w\" sizes=\"(max-width: 2560px) 100vw, 2560px\" \/><\/a>\n\t\t\t<\/div><\/figure><figure class='gallery-item'>\n\t\t\t<div class='gallery-icon landscape'>\n\t\t\t\t<a href='https:\/\/jardinescastiello.es\/wp-content\/uploads\/2023\/05\/0101-1-scaled.jpg'><img decoding=\"async\" width=\"2560\" height=\"1920\" src=\"https:\/\/jardinescastiello.es\/wp-content\/uploads\/2023\/05\/0101-1-scaled.jpg\" class=\"attachment-full size-full\" alt=\"\" srcset=\"https:\/\/jardinescastiello.es\/wp-content\/uploads\/2023\/05\/0101-1-scaled.jpg 2560w, https:\/\/jardinescastiello.es\/wp-content\/uploads\/2023\/05\/0101-1-300x225.jpg 300w, https:\/\/jardinescastiello.es\/wp-content\/uploads\/2023\/05\/0101-1-1024x768.jpg 1024w, https:\/\/jardinescastiello.es\/wp-content\/uploads\/2023\/05\/0101-1-768x576.jpg 768w, https:\/\/jardinescastiello.es\/wp-content\/uploads\/2023\/05\/0101-1-1536x1152.jpg 1536w, https:\/\/jardinescastiello.es\/wp-content\/uploads\/2023\/05\/0101-1-2048x1536.jpg 2048w\" sizes=\"(max-width: 2560px) 100vw, 2560px\" \/><\/a>\n\t\t\t<\/div><\/figure><figure class='gallery-item'>\n\t\t\t<div class='gallery-icon landscape'>\n\t\t\t\t<a href='https:\/\/jardinescastiello.es\/wp-content\/uploads\/2023\/05\/0101_-_-1-scaled.jpg'><img loading=\"lazy\" decoding=\"async\" width=\"2560\" height=\"1920\" src=\"https:\/\/jardinescastiello.es\/wp-content\/uploads\/2023\/05\/0101_-_-1-scaled.jpg\" class=\"attachment-full size-full\" alt=\"\" srcset=\"https:\/\/jardinescastiello.es\/wp-content\/uploads\/2023\/05\/0101_-_-1-scaled.jpg 2560w, https:\/\/jardinescastiello.es\/wp-content\/uploads\/2023\/05\/0101_-_-1-300x225.jpg 300w, https:\/\/jardinescastiello.es\/wp-content\/uploads\/2023\/05\/0101_-_-1-1024x768.jpg 1024w, https:\/\/jardinescastiello.es\/wp-content\/uploads\/2023\/05\/0101_-_-1-768x576.jpg 768w, https:\/\/jardinescastiello.es\/wp-content\/uploads\/2023\/05\/0101_-_-1-1536x1152.jpg 1536w, https:\/\/jardinescastiello.es\/wp-content\/uploads\/2023\/05\/0101_-_-1-2048x1536.jpg 2048w\" sizes=\"(max-width: 2560px) 100vw, 2560px\" \/><\/a>\n\t\t\t<\/div><\/figure>\n\t\t<\/div>\n\t\t<\/div>\n\t\t\t\t\t\t<\/div>\n\t\t\t\t<\/div>\n\t\t\t\t\t<\/div>\n\t\t<\/div>\n\t\t\t\t\t<\/div>\n\t\t<\/section>\n\t\t\t\t<\/div>","protected":false},"excerpt":{"rendered":"<p>Dise\u00f1o de jardines Quiz\u00e1s alguna descripci\u00f3n.<\/p>","protected":false},"author":1,"featured_media":0,"parent":0,"menu_order":0,"comment_status":"closed","ping_status":"closed","template":"","meta":{"site-sidebar-layout":"no-sidebar","site-content-layout":"page-builder","ast-site-content-layout":"default","site-content-style":"default","site-sidebar-style":"default","ast-global-header-display":"","ast-banner-title-visibility":"","ast-main-header-display":"","ast-hfb-above-header-display":"","ast-hfb-below-header-display":"","ast-hfb-mobile-header-display":"","site-post-title":"disabled","ast-breadcrumbs-content":"","ast-featured-img":"disabled","footer-sml-layout":"","ast-disable-related-posts":"","theme-transparent-header-meta":"enabled","adv-header-id-meta":"","stick-header-meta":"","header-above-stick-meta":"","header-main-stick-meta":"","header-below-stick-meta":"","astra-migrate-meta-layouts":"default","ast-page-background-enabled":"default","ast-page-background-meta":{"desktop":{"background-color":"","background-image":"","background-repeat":"repeat","background-position":"center center","background-size":"auto","background-attachment":"scroll","background-type":"","background-media":"","overlay-type":"","overlay-color":"","overlay-opacity":"","overlay-gradient":""},"tablet":{"background-color":"","background-image":"","background-repeat":"repeat","background-position":"center center","background-size":"auto","background-attachment":"scroll","background-type":"","background-media":"","overlay-type":"","overlay-color":"","overlay-opacity":"","overlay-gradient":""},"mobile":{"background-color":"","background-image":"","background-repeat":"repeat","background-position":"center center","background-size":"auto","background-attachment":"scroll","background-type":"","background-media":"","overlay-type":"","overlay-color":"","overlay-opacity":"","overlay-gradient":""}},"ast-content-background-meta":{"desktop":{"background-color":"var(--ast-global-color-5)","background-image":"","background-repeat":"repeat","background-position":"center center","background-size":"auto","background-attachment":"scroll","background-type":"","background-media":"","overlay-type":"","overlay-color":"","overlay-opacity":"","overlay-gradient":""},"tablet":{"background-color":"var(--ast-global-color-5)","background-image":"","background-repeat":"repeat","background-position":"center center","background-size":"auto","background-attachment":"scroll","background-type":"","background-media":"","overlay-type":"","overlay-color":"","overlay-opacity":"","overlay-gradient":""},"mobile":{"background-color":"var(--ast-global-color-5)","background-image":"","background-repeat":"repeat","background-position":"center center","background-size":"auto","background-attachment":"scroll","background-type":"","background-media":"","overlay-type":"","overlay-color":"","overlay-opacity":"","overlay-gradient":""}},"_joinchat":[],"footnotes":""},"class_list":["post-1939","page","type-page","status-publish","hentry"],"yoast_head":"<!-- This site is optimized with the Yoast SEO plugin v27.3 - https:\/\/yoast.com\/product\/yoast-seo-wordpress\/ -->\n<title>Dise\u00f1o de jardines - Jardines Castiello<\/title>\n<meta name=\"robots\" content=\"index, follow, max-snippet:-1, max-image-preview:large, max-video-preview:-1\" \/>\n<link rel=\"canonical\" href=\"https:\/\/jardinescastiello.es\/en\/diseno-de-jardines\/\" \/>\n<meta property=\"og:locale\" content=\"en_GB\" \/>\n<meta property=\"og:type\" content=\"article\" \/>\n<meta property=\"og:title\" content=\"Dise\u00f1o de jardines - Jardines Castiello\" \/>\n<meta property=\"og:description\" content=\"Dise\u00f1o de jardines Quiz\u00e1s alguna descripci\u00f3n.\" \/>\n<meta property=\"og:url\" content=\"https:\/\/jardinescastiello.es\/en\/diseno-de-jardines\/\" \/>\n<meta property=\"og:site_name\" content=\"Jardines Castiello\" \/>\n<meta property=\"article:modified_time\" content=\"2023-05-08T20:39:14+00:00\" \/>\n<meta property=\"og:image\" content=\"https:\/\/kitjesuscastiello.premm.es\/wp-content\/uploads\/2023\/05\/0101____-1-scaled.jpg\" \/>\n<meta name=\"twitter:card\" content=\"summary_large_image\" \/>\n<meta name=\"twitter:label1\" content=\"Estimated reading time\" \/>\n\t<meta name=\"twitter:data1\" content=\"1 minute\" \/>\n<script type=\"application\/ld+json\" class=\"yoast-schema-graph\">{\"@context\":\"https:\\\/\\\/schema.org\",\"@graph\":[{\"@type\":\"WebPage\",\"@id\":\"https:\\\/\\\/jardinescastiello.es\\\/diseno-de-jardines\",\"url\":\"https:\\\/\\\/jardinescastiello.es\\\/diseno-de-jardines\",\"name\":\"Dise\u00f1o de jardines - Jardines Castiello\",\"isPartOf\":{\"@id\":\"https:\\\/\\\/jardinescastiello.es\\\/#website\"},\"primaryImageOfPage\":{\"@id\":\"https:\\\/\\\/jardinescastiello.es\\\/diseno-de-jardines#primaryimage\"},\"image\":{\"@id\":\"https:\\\/\\\/jardinescastiello.es\\\/diseno-de-jardines#primaryimage\"},\"thumbnailUrl\":\"https:\\\/\\\/kitjesuscastiello.premm.es\\\/wp-content\\\/uploads\\\/2023\\\/05\\\/0101____-1-scaled.jpg\",\"datePublished\":\"2023-05-06T23:56:03+00:00\",\"dateModified\":\"2023-05-08T20:39:14+00:00\",\"breadcrumb\":{\"@id\":\"https:\\\/\\\/jardinescastiello.es\\\/diseno-de-jardines#breadcrumb\"},\"inLanguage\":\"en-GB\",\"potentialAction\":[{\"@type\":\"ReadAction\",\"target\":[\"https:\\\/\\\/jardinescastiello.es\\\/diseno-de-jardines\"]}]},{\"@type\":\"ImageObject\",\"inLanguage\":\"en-GB\",\"@id\":\"https:\\\/\\\/jardinescastiello.es\\\/diseno-de-jardines#primaryimage\",\"url\":\"https:\\\/\\\/kitjesuscastiello.premm.es\\\/wp-content\\\/uploads\\\/2023\\\/05\\\/0101____-1-scaled.jpg\",\"contentUrl\":\"https:\\\/\\\/kitjesuscastiello.premm.es\\\/wp-content\\\/uploads\\\/2023\\\/05\\\/0101____-1-scaled.jpg\"},{\"@type\":\"BreadcrumbList\",\"@id\":\"https:\\\/\\\/jardinescastiello.es\\\/diseno-de-jardines#breadcrumb\",\"itemListElement\":[{\"@type\":\"ListItem\",\"position\":1,\"name\":\"Portada\",\"item\":\"https:\\\/\\\/jardinescastiello.es\\\/\"},{\"@type\":\"ListItem\",\"position\":2,\"name\":\"Dise\u00f1o de jardines\"}]},{\"@type\":\"WebSite\",\"@id\":\"https:\\\/\\\/jardinescastiello.es\\\/#website\",\"url\":\"https:\\\/\\\/jardinescastiello.es\\\/\",\"name\":\"Jardines Castiello\",\"description\":\"Realizamos jardines verticales a medida, amplias superficies exteriores o peque\u00f1os cuadros de interior para hoteles.\",\"publisher\":{\"@id\":\"https:\\\/\\\/jardinescastiello.es\\\/#organization\"},\"potentialAction\":[{\"@type\":\"SearchAction\",\"target\":{\"@type\":\"EntryPoint\",\"urlTemplate\":\"https:\\\/\\\/jardinescastiello.es\\\/?s={search_term_string}\"},\"query-input\":{\"@type\":\"PropertyValueSpecification\",\"valueRequired\":true,\"valueName\":\"search_term_string\"}}],\"inLanguage\":\"en-GB\"},{\"@type\":\"Organization\",\"@id\":\"https:\\\/\\\/jardinescastiello.es\\\/#organization\",\"name\":\"Jardines Castiello\",\"url\":\"https:\\\/\\\/jardinescastiello.es\\\/\",\"logo\":{\"@type\":\"ImageObject\",\"inLanguage\":\"en-GB\",\"@id\":\"https:\\\/\\\/jardinescastiello.es\\\/#\\\/schema\\\/logo\\\/image\\\/\",\"url\":\"https:\\\/\\\/jardinescastiello.es\\\/wp-content\\\/uploads\\\/2023\\\/05\\\/logoo.png\",\"contentUrl\":\"https:\\\/\\\/jardinescastiello.es\\\/wp-content\\\/uploads\\\/2023\\\/05\\\/logoo.png\",\"width\":180,\"height\":60,\"caption\":\"Jardines Castiello\"},\"image\":{\"@id\":\"https:\\\/\\\/jardinescastiello.es\\\/#\\\/schema\\\/logo\\\/image\\\/\"}}]}<\/script>\n<!-- \/ Yoast SEO plugin. -->","yoast_head_json":{"title":"Dise\u00f1o de jardines - Jardines Castiello","robots":{"index":"index","follow":"follow","max-snippet":"max-snippet:-1","max-image-preview":"max-image-preview:large","max-video-preview":"max-video-preview:-1"},"canonical":"https:\/\/jardinescastiello.es\/en\/diseno-de-jardines\/","og_locale":"en_GB","og_type":"article","og_title":"Dise\u00f1o de jardines - Jardines Castiello","og_description":"Dise\u00f1o de jardines Quiz\u00e1s alguna descripci\u00f3n.","og_url":"https:\/\/jardinescastiello.es\/en\/diseno-de-jardines\/","og_site_name":"Jardines Castiello","article_modified_time":"2023-05-08T20:39:14+00:00","og_image":[{"url":"https:\/\/kitjesuscastiello.premm.es\/wp-content\/uploads\/2023\/05\/0101____-1-scaled.jpg","type":"","width":"","height":""}],"twitter_card":"summary_large_image","twitter_misc":{"Estimated reading time":"1 minute"},"schema":{"@context":"https:\/\/schema.org","@graph":[{"@type":"WebPage","@id":"https:\/\/jardinescastiello.es\/diseno-de-jardines","url":"https:\/\/jardinescastiello.es\/diseno-de-jardines","name":"Dise\u00f1o de jardines - Jardines Castiello","isPartOf":{"@id":"https:\/\/jardinescastiello.es\/#website"},"primaryImageOfPage":{"@id":"https:\/\/jardinescastiello.es\/diseno-de-jardines#primaryimage"},"image":{"@id":"https:\/\/jardinescastiello.es\/diseno-de-jardines#primaryimage"},"thumbnailUrl":"https:\/\/kitjesuscastiello.premm.es\/wp-content\/uploads\/2023\/05\/0101____-1-scaled.jpg","datePublished":"2023-05-06T23:56:03+00:00","dateModified":"2023-05-08T20:39:14+00:00","breadcrumb":{"@id":"https:\/\/jardinescastiello.es\/diseno-de-jardines#breadcrumb"},"inLanguage":"en-GB","potentialAction":[{"@type":"ReadAction","target":["https:\/\/jardinescastiello.es\/diseno-de-jardines"]}]},{"@type":"ImageObject","inLanguage":"en-GB","@id":"https:\/\/jardinescastiello.es\/diseno-de-jardines#primaryimage","url":"https:\/\/kitjesuscastiello.premm.es\/wp-content\/uploads\/2023\/05\/0101____-1-scaled.jpg","contentUrl":"https:\/\/kitjesuscastiello.premm.es\/wp-content\/uploads\/2023\/05\/0101____-1-scaled.jpg"},{"@type":"BreadcrumbList","@id":"https:\/\/jardinescastiello.es\/diseno-de-jardines#breadcrumb","itemListElement":[{"@type":"ListItem","position":1,"name":"Portada","item":"https:\/\/jardinescastiello.es\/"},{"@type":"ListItem","position":2,"name":"Dise\u00f1o de jardines"}]},{"@type":"WebSite","@id":"https:\/\/jardinescastiello.es\/#website","url":"https:\/\/jardinescastiello.es\/","name":"Jardines Castiello","description":"Realizamos jardines verticales a medida, amplias superficies exteriores o peque\u00f1os cuadros de interior para hoteles.","publisher":{"@id":"https:\/\/jardinescastiello.es\/#organization"},"potentialAction":[{"@type":"SearchAction","target":{"@type":"EntryPoint","urlTemplate":"https:\/\/jardinescastiello.es\/?s={search_term_string}"},"query-input":{"@type":"PropertyValueSpecification","valueRequired":true,"valueName":"search_term_string"}}],"inLanguage":"en-GB"},{"@type":"Organization","@id":"https:\/\/jardinescastiello.es\/#organization","name":"Jardines Castiello","url":"https:\/\/jardinescastiello.es\/","logo":{"@type":"ImageObject","inLanguage":"en-GB","@id":"https:\/\/jardinescastiello.es\/#\/schema\/logo\/image\/","url":"https:\/\/jardinescastiello.es\/wp-content\/uploads\/2023\/05\/logoo.png","contentUrl":"https:\/\/jardinescastiello.es\/wp-content\/uploads\/2023\/05\/logoo.png","width":180,"height":60,"caption":"Jardines Castiello"},"image":{"@id":"https:\/\/jardinescastiello.es\/#\/schema\/logo\/image\/"}}]}},"_links":{"self":[{"href":"https:\/\/jardinescastiello.es\/en\/wp-json\/wp\/v2\/pages\/1939","targetHints":{"allow":["GET"]}}],"collection":[{"href":"https:\/\/jardinescastiello.es\/en\/wp-json\/wp\/v2\/pages"}],"about":[{"href":"https:\/\/jardinescastiello.es\/en\/wp-json\/wp\/v2\/types\/page"}],"author":[{"embeddable":true,"href":"https:\/\/jardinescastiello.es\/en\/wp-json\/wp\/v2\/users\/1"}],"replies":[{"embeddable":true,"href":"https:\/\/jardinescastiello.es\/en\/wp-json\/wp\/v2\/comments?post=1939"}],"version-history":[{"count":16,"href":"https:\/\/jardinescastiello.es\/en\/wp-json\/wp\/v2\/pages\/1939\/revisions"}],"predecessor-version":[{"id":2139,"href":"https:\/\/jardinescastiello.es\/en\/wp-json\/wp\/v2\/pages\/1939\/revisions\/2139"}],"wp:attachment":[{"href":"https:\/\/jardinescastiello.es\/en\/wp-json\/wp\/v2\/media?parent=1939"}],"curies":[{"name":"wp","href":"https:\/\/api.w.org\/{rel}","templated":true}]}}