{"id":12,"date":"2017-07-11T06:30:09","date_gmt":"2017-07-11T06:30:09","guid":{"rendered":"https:\/\/kitjesuscastiello.premm.es\/about\/"},"modified":"2023-05-08T20:30:41","modified_gmt":"2023-05-08T20:30:41","slug":"quienes-somos","status":"publish","type":"page","link":"https:\/\/jardinescastiello.es\/en\/quienes-somos","title":{"rendered":"About us"},"content":{"rendered":"<div data-elementor-type=\"wp-post\" data-elementor-id=\"12\" class=\"elementor elementor-12\">\n\t\t\t\t\t\t<section class=\"elementor-section elementor-top-section elementor-element elementor-element-3efc614 elementor-section-boxed elementor-section-height-default elementor-section-height-default\" data-id=\"3efc614\" data-element_type=\"section\" data-e-type=\"section\" data-settings=\"{&quot;background_background&quot;:&quot;classic&quot;}\">\n\t\t\t\t\t\t\t<div class=\"elementor-background-overlay\"><\/div>\n\t\t\t\t\t\t\t<div class=\"elementor-container elementor-column-gap-no\">\n\t\t\t\t\t<div class=\"elementor-column elementor-col-100 elementor-top-column elementor-element elementor-element-11700ba\" data-id=\"11700ba\" data-element_type=\"column\" data-e-type=\"column\">\n\t\t\t<div class=\"elementor-widget-wrap elementor-element-populated\">\n\t\t\t\t\t\t<div class=\"elementor-element elementor-element-ad4e4b0 elementor-widget elementor-widget-heading\" data-id=\"ad4e4b0\" data-element_type=\"widget\" data-e-type=\"widget\" data-widget_type=\"heading.default\">\n\t\t\t\t<div class=\"elementor-widget-container\">\n\t\t\t\t\t<h1 class=\"elementor-heading-title elementor-size-default\">About us<\/h1>\t\t\t\t<\/div>\n\t\t\t\t<\/div>\n\t\t\t\t\t<\/div>\n\t\t<\/div>\n\t\t\t\t\t<\/div>\n\t\t<\/section>\n\t\t\t\t<section class=\"elementor-section elementor-top-section elementor-element elementor-element-6db1947 elementor-section-boxed elementor-section-height-default elementor-section-height-default\" data-id=\"6db1947\" data-element_type=\"section\" data-e-type=\"section\" data-settings=\"{&quot;background_background&quot;:&quot;classic&quot;}\">\n\t\t\t\t\t\t<div class=\"elementor-container elementor-column-gap-no\">\n\t\t\t\t\t<div class=\"elementor-column elementor-col-33 elementor-top-column elementor-element elementor-element-225da79\" data-id=\"225da79\" data-element_type=\"column\" data-e-type=\"column\">\n\t\t\t<div class=\"elementor-widget-wrap elementor-element-populated\">\n\t\t\t\t\t\t<div class=\"elementor-element elementor-element-a86e7fc elementor-view-stacked elementor-shape-circle elementor-position-block-start elementor-mobile-position-block-start elementor-invisible elementor-widget elementor-widget-icon-box\" data-id=\"a86e7fc\" data-element_type=\"widget\" data-e-type=\"widget\" data-settings=\"{&quot;_animation&quot;:&quot;fadeInLeft&quot;}\" data-widget_type=\"icon-box.default\">\n\t\t\t\t<div class=\"elementor-widget-container\">\n\t\t\t\t\t\t\t<div class=\"elementor-icon-box-wrapper\">\n\n\t\t\t\t\t\t<div class=\"elementor-icon-box-icon\">\n\t\t\t\t<span  class=\"elementor-icon elementor-animation-grow\">\n\t\t\t\t<i aria-hidden=\"true\" class=\"fas fa-seedling\"><\/i>\t\t\t\t<\/span>\n\t\t\t<\/div>\n\t\t\t\n\t\t\t\t\t\t<div class=\"elementor-icon-box-content\">\n\n\t\t\t\t\t\t\t\t\t<h4 class=\"elementor-icon-box-title\">\n\t\t\t\t\t\t<span  >\n\t\t\t\t\t\t\tMission\t\t\t\t\t\t<\/span>\n\t\t\t\t\t<\/h4>\n\t\t\t\t\n\t\t\t\t\t\t\t\t\t<p class=\"elementor-icon-box-description\">\n\t\t\t\t\t\tHERE flaunt your qualities that you want people to know about.\t\t\t\t\t<\/p>\n\t\t\t\t\n\t\t\t<\/div>\n\t\t\t\n\t\t<\/div>\n\t\t\t\t\t\t<\/div>\n\t\t\t\t<\/div>\n\t\t\t\t\t<\/div>\n\t\t<\/div>\n\t\t\t\t<div class=\"elementor-column elementor-col-33 elementor-top-column elementor-element elementor-element-246d7f5\" data-id=\"246d7f5\" data-element_type=\"column\" data-e-type=\"column\">\n\t\t\t<div class=\"elementor-widget-wrap elementor-element-populated\">\n\t\t\t\t\t\t<div class=\"elementor-element elementor-element-a2c3c65 elementor-view-stacked elementor-shape-circle elementor-position-block-start elementor-mobile-position-block-start elementor-invisible elementor-widget elementor-widget-icon-box\" data-id=\"a2c3c65\" data-element_type=\"widget\" data-e-type=\"widget\" data-settings=\"{&quot;_animation&quot;:&quot;fadeInDown&quot;}\" data-widget_type=\"icon-box.default\">\n\t\t\t\t<div class=\"elementor-widget-container\">\n\t\t\t\t\t\t\t<div class=\"elementor-icon-box-wrapper\">\n\n\t\t\t\t\t\t<div class=\"elementor-icon-box-icon\">\n\t\t\t\t<span  class=\"elementor-icon elementor-animation-grow\">\n\t\t\t\t<i aria-hidden=\"true\" class=\"fas fa-star\"><\/i>\t\t\t\t<\/span>\n\t\t\t<\/div>\n\t\t\t\n\t\t\t\t\t\t<div class=\"elementor-icon-box-content\">\n\n\t\t\t\t\t\t\t\t\t<h4 class=\"elementor-icon-box-title\">\n\t\t\t\t\t\t<span  >\n\t\t\t\t\t\t\tVision\t\t\t\t\t\t<\/span>\n\t\t\t\t\t<\/h4>\n\t\t\t\t\n\t\t\t\t\t\t\t\t\t<p class=\"elementor-icon-box-description\">\n\t\t\t\t\t\tHere to flaunt your vision. Where do you want to go?\t\t\t\t\t<\/p>\n\t\t\t\t\n\t\t\t<\/div>\n\t\t\t\n\t\t<\/div>\n\t\t\t\t\t\t<\/div>\n\t\t\t\t<\/div>\n\t\t\t\t\t<\/div>\n\t\t<\/div>\n\t\t\t\t<div class=\"elementor-column elementor-col-33 elementor-top-column elementor-element elementor-element-7b1d3ff\" data-id=\"7b1d3ff\" data-element_type=\"column\" data-e-type=\"column\">\n\t\t\t<div class=\"elementor-widget-wrap elementor-element-populated\">\n\t\t\t\t\t\t<div class=\"elementor-element elementor-element-c13be23 elementor-view-stacked elementor-shape-circle elementor-position-block-start elementor-mobile-position-block-start elementor-invisible elementor-widget elementor-widget-icon-box\" data-id=\"c13be23\" data-element_type=\"widget\" data-e-type=\"widget\" data-settings=\"{&quot;_animation&quot;:&quot;fadeInRight&quot;}\" data-widget_type=\"icon-box.default\">\n\t\t\t\t<div class=\"elementor-widget-container\">\n\t\t\t\t\t\t\t<div class=\"elementor-icon-box-wrapper\">\n\n\t\t\t\t\t\t<div class=\"elementor-icon-box-icon\">\n\t\t\t\t<span  class=\"elementor-icon elementor-animation-grow\">\n\t\t\t\t<i aria-hidden=\"true\" class=\"fas fa-trophy\"><\/i>\t\t\t\t<\/span>\n\t\t\t<\/div>\n\t\t\t\n\t\t\t\t\t\t<div class=\"elementor-icon-box-content\">\n\n\t\t\t\t\t\t\t\t\t<h4 class=\"elementor-icon-box-title\">\n\t\t\t\t\t\t<span  >\n\t\t\t\t\t\t\tValues\t\t\t\t\t\t<\/span>\n\t\t\t\t\t<\/h4>\n\t\t\t\t\n\t\t\t\t\t\t\t\t\t<p class=\"elementor-icon-box-description\">\n\t\t\t\t\t\tHere talk about those values \u200b\u200bthat distinguishes you from others\t\t\t\t\t<\/p>\n\t\t\t\t\n\t\t\t<\/div>\n\t\t\t\n\t\t<\/div>\n\t\t\t\t\t\t<\/div>\n\t\t\t\t<\/div>\n\t\t\t\t\t<\/div>\n\t\t<\/div>\n\t\t\t\t\t<\/div>\n\t\t<\/section>\n\t\t\t\t<section class=\"elementor-section elementor-top-section elementor-element elementor-element-ace6056 elementor-section-boxed elementor-section-height-default elementor-section-height-default\" data-id=\"ace6056\" data-element_type=\"section\" data-e-type=\"section\">\n\t\t\t\t\t\t<div class=\"elementor-container elementor-column-gap-no\">\n\t\t\t\t\t<div class=\"elementor-column elementor-col-100 elementor-top-column elementor-element elementor-element-08fcfe5\" data-id=\"08fcfe5\" data-element_type=\"column\" data-e-type=\"column\">\n\t\t\t<div class=\"elementor-widget-wrap elementor-element-populated\">\n\t\t\t\t\t\t<div class=\"elementor-element elementor-element-11ff0f6 elementor-invisible elementor-widget elementor-widget-image\" data-id=\"11ff0f6\" data-element_type=\"widget\" data-e-type=\"widget\" data-settings=\"{&quot;_animation&quot;:&quot;fadeIn&quot;}\" data-widget_type=\"image.default\">\n\t\t\t\t<div class=\"elementor-widget-container\">\n\t\t\t\t\t\t\t\t\t\t\t\t\t\t\t<img decoding=\"async\" src=\"https:\/\/jardinescastiello.es\/wp-content\/uploads\/elementor\/thumbs\/5U9A3308-scaled-qqa1z8rgqa40i8f7an6dcsb8cep5wlmxp9zyfndm9s.jpg\" title=\"5U9A3308\" alt=\"5U9A3308\" loading=\"lazy\" \/>\t\t\t\t\t\t\t\t\t\t\t\t\t\t\t<\/div>\n\t\t\t\t<\/div>\n\t\t\t\t<section class=\"elementor-section elementor-inner-section elementor-element elementor-element-498156a elementor-section-boxed elementor-section-height-default elementor-section-height-default\" data-id=\"498156a\" data-element_type=\"section\" data-e-type=\"section\">\n\t\t\t\t\t\t<div class=\"elementor-container elementor-column-gap-no\">\n\t\t\t\t\t<div class=\"elementor-column elementor-col-50 elementor-inner-column elementor-element elementor-element-92f42b9\" data-id=\"92f42b9\" data-element_type=\"column\" data-e-type=\"column\">\n\t\t\t<div class=\"elementor-widget-wrap elementor-element-populated\">\n\t\t\t\t\t\t<div class=\"elementor-element elementor-element-c06c4a3 elementor-invisible elementor-widget elementor-widget-heading\" data-id=\"c06c4a3\" data-element_type=\"widget\" data-e-type=\"widget\" data-settings=\"{&quot;_animation&quot;:&quot;fadeInUp&quot;}\" data-widget_type=\"heading.default\">\n\t\t\t\t<div class=\"elementor-widget-container\">\n\t\t\t\t\t<h3 class=\"elementor-heading-title elementor-size-default\">We have been providing the best gardening service for 10 years<\/h3>\t\t\t\t<\/div>\n\t\t\t\t<\/div>\n\t\t\t\t\t<\/div>\n\t\t<\/div>\n\t\t\t\t<div class=\"elementor-column elementor-col-50 elementor-inner-column elementor-element elementor-element-0a1272b\" data-id=\"0a1272b\" data-element_type=\"column\" data-e-type=\"column\">\n\t\t\t<div class=\"elementor-widget-wrap elementor-element-populated\">\n\t\t\t\t\t\t<div class=\"elementor-element elementor-element-14b4ddb elementor-invisible elementor-widget elementor-widget-text-editor\" data-id=\"14b4ddb\" data-element_type=\"widget\" data-e-type=\"widget\" data-settings=\"{&quot;_animation&quot;:&quot;fadeInUp&quot;}\" data-widget_type=\"text-editor.default\">\n\t\t\t\t<div class=\"elementor-widget-container\">\n\t\t\t\t\t\t\t\t\t<p>Some attractive lines that reveal your knowledge and experience. The idea is to tell people what you are good at. You can focus on some features and qualities that will create a good impression on all those who visit your website.\u00a0<\/p>\t\t\t\t\t\t\t\t<\/div>\n\t\t\t\t<\/div>\n\t\t\t\t\t<\/div>\n\t\t<\/div>\n\t\t\t\t\t<\/div>\n\t\t<\/section>\n\t\t\t\t\t<\/div>\n\t\t<\/div>\n\t\t\t\t\t<\/div>\n\t\t<\/section>\n\t\t\t\t<\/div>","protected":false},"excerpt":{"rendered":"<p>Quienes somos Misi\u00f3n AQU\u00cd hacer alarde de vuestras cualidades que quieres que la gente sepa. Visi\u00f3n Aqu\u00ed hacer alarde de vuestra visi\u00f3n \u00bfHacia d\u00f3nde quer\u00e9is llegar? Valores Aqu\u00ed hablar de esos valores que os distingue de los dem\u00e1s Brindamos el mejor servicio de jardiner\u00eda desde hace 10 a\u00f1os Unas l\u00edneas atractivas que revelan vuestros conocimientos [&hellip;]<\/p>\n","protected":false},"author":1,"featured_media":0,"parent":0,"menu_order":0,"comment_status":"closed","ping_status":"closed","template":"","meta":{"site-sidebar-layout":"no-sidebar","site-content-layout":"page-builder","ast-site-content-layout":"default","site-content-style":"default","site-sidebar-style":"default","ast-global-header-display":"","ast-banner-title-visibility":"","ast-main-header-display":"","ast-hfb-above-header-display":"","ast-hfb-below-header-display":"","ast-hfb-mobile-header-display":"","site-post-title":"disabled","ast-breadcrumbs-content":"","ast-featured-img":"disabled","footer-sml-layout":"","ast-disable-related-posts":"","theme-transparent-header-meta":"enabled","adv-header-id-meta":"","stick-header-meta":"","header-above-stick-meta":"","header-main-stick-meta":"","header-below-stick-meta":"","astra-migrate-meta-layouts":"default","ast-page-background-enabled":"default","ast-page-background-meta":{"desktop":{"background-color":"","background-image":"","background-repeat":"repeat","background-position":"center center","background-size":"auto","background-attachment":"scroll","background-type":"","background-media":"","overlay-type":"","overlay-color":"","overlay-opacity":"","overlay-gradient":""},"tablet":{"background-color":"","background-image":"","background-repeat":"repeat","background-position":"center center","background-size":"auto","background-attachment":"scroll","background-type":"","background-media":"","overlay-type":"","overlay-color":"","overlay-opacity":"","overlay-gradient":""},"mobile":{"background-color":"","background-image":"","background-repeat":"repeat","background-position":"center center","background-size":"auto","background-attachment":"scroll","background-type":"","background-media":"","overlay-type":"","overlay-color":"","overlay-opacity":"","overlay-gradient":""}},"ast-content-background-meta":{"desktop":{"background-color":"var(--ast-global-color-5)","background-image":"","background-repeat":"repeat","background-position":"center center","background-size":"auto","background-attachment":"scroll","background-type":"","background-media":"","overlay-type":"","overlay-color":"","overlay-opacity":"","overlay-gradient":""},"tablet":{"background-color":"var(--ast-global-color-5)","background-image":"","background-repeat":"repeat","background-position":"center center","background-size":"auto","background-attachment":"scroll","background-type":"","background-media":"","overlay-type":"","overlay-color":"","overlay-opacity":"","overlay-gradient":""},"mobile":{"background-color":"var(--ast-global-color-5)","background-image":"","background-repeat":"repeat","background-position":"center center","background-size":"auto","background-attachment":"scroll","background-type":"","background-media":"","overlay-type":"","overlay-color":"","overlay-opacity":"","overlay-gradient":""}},"_joinchat":[],"footnotes":""},"class_list":["post-12","page","type-page","status-publish","hentry"],"yoast_head":"<!-- This site is optimized with the Yoast SEO plugin v27.3 - https:\/\/yoast.com\/product\/yoast-seo-wordpress\/ -->\n<title>Quienes somos - Jardines Castiello<\/title>\n<meta name=\"robots\" content=\"index, follow, max-snippet:-1, max-image-preview:large, max-video-preview:-1\" \/>\n<link rel=\"canonical\" href=\"https:\/\/jardinescastiello.es\/en\/quienes-somos\/\" \/>\n<meta property=\"og:locale\" content=\"en_GB\" \/>\n<meta property=\"og:type\" content=\"article\" \/>\n<meta property=\"og:title\" content=\"Quienes somos - Jardines Castiello\" \/>\n<meta property=\"og:description\" content=\"Quienes somos Misi\u00f3n AQU\u00cd hacer alarde de vuestras cualidades que quieres que la gente sepa. Visi\u00f3n Aqu\u00ed hacer alarde de vuestra visi\u00f3n \u00bfHacia d\u00f3nde quer\u00e9is llegar? Valores Aqu\u00ed hablar de esos valores que os distingue de los dem\u00e1s Brindamos el mejor servicio de jardiner\u00eda desde hace 10 a\u00f1os Unas l\u00edneas atractivas que revelan vuestros conocimientos [&hellip;]\" \/>\n<meta property=\"og:url\" content=\"https:\/\/jardinescastiello.es\/en\/quienes-somos\/\" \/>\n<meta property=\"og:site_name\" content=\"Jardines Castiello\" \/>\n<meta property=\"article:modified_time\" content=\"2023-05-08T20:30:41+00:00\" \/>\n<meta property=\"og:image\" content=\"https:\/\/kitjesuscastiello.premm.es\/wp-content\/uploads\/elementor\/thumbs\/5U9A3308-scaled-q62bqd47cctpahcz91ekulc5rebudylpf5054vtvr4.jpg\" \/>\n<meta name=\"twitter:card\" content=\"summary_large_image\" \/>\n<meta name=\"twitter:label1\" content=\"Estimated reading time\" \/>\n\t<meta name=\"twitter:data1\" content=\"1 minute\" \/>\n<script type=\"application\/ld+json\" class=\"yoast-schema-graph\">{\"@context\":\"https:\\\/\\\/schema.org\",\"@graph\":[{\"@type\":\"WebPage\",\"@id\":\"https:\\\/\\\/jardinescastiello.es\\\/quienes-somos\",\"url\":\"https:\\\/\\\/jardinescastiello.es\\\/quienes-somos\",\"name\":\"Quienes somos - Jardines Castiello\",\"isPartOf\":{\"@id\":\"https:\\\/\\\/jardinescastiello.es\\\/#website\"},\"primaryImageOfPage\":{\"@id\":\"https:\\\/\\\/jardinescastiello.es\\\/quienes-somos#primaryimage\"},\"image\":{\"@id\":\"https:\\\/\\\/jardinescastiello.es\\\/quienes-somos#primaryimage\"},\"thumbnailUrl\":\"https:\\\/\\\/kitjesuscastiello.premm.es\\\/wp-content\\\/uploads\\\/elementor\\\/thumbs\\\/5U9A3308-scaled-q62bqd47cctpahcz91ekulc5rebudylpf5054vtvr4.jpg\",\"datePublished\":\"2017-07-11T06:30:09+00:00\",\"dateModified\":\"2023-05-08T20:30:41+00:00\",\"breadcrumb\":{\"@id\":\"https:\\\/\\\/jardinescastiello.es\\\/quienes-somos#breadcrumb\"},\"inLanguage\":\"en-GB\",\"potentialAction\":[{\"@type\":\"ReadAction\",\"target\":[\"https:\\\/\\\/jardinescastiello.es\\\/quienes-somos\"]}]},{\"@type\":\"ImageObject\",\"inLanguage\":\"en-GB\",\"@id\":\"https:\\\/\\\/jardinescastiello.es\\\/quienes-somos#primaryimage\",\"url\":\"https:\\\/\\\/kitjesuscastiello.premm.es\\\/wp-content\\\/uploads\\\/elementor\\\/thumbs\\\/5U9A3308-scaled-q62bqd47cctpahcz91ekulc5rebudylpf5054vtvr4.jpg\",\"contentUrl\":\"https:\\\/\\\/kitjesuscastiello.premm.es\\\/wp-content\\\/uploads\\\/elementor\\\/thumbs\\\/5U9A3308-scaled-q62bqd47cctpahcz91ekulc5rebudylpf5054vtvr4.jpg\"},{\"@type\":\"BreadcrumbList\",\"@id\":\"https:\\\/\\\/jardinescastiello.es\\\/quienes-somos#breadcrumb\",\"itemListElement\":[{\"@type\":\"ListItem\",\"position\":1,\"name\":\"Portada\",\"item\":\"https:\\\/\\\/jardinescastiello.es\\\/\"},{\"@type\":\"ListItem\",\"position\":2,\"name\":\"Quienes somos\"}]},{\"@type\":\"WebSite\",\"@id\":\"https:\\\/\\\/jardinescastiello.es\\\/#website\",\"url\":\"https:\\\/\\\/jardinescastiello.es\\\/\",\"name\":\"Jardines Castiello\",\"description\":\"Realizamos jardines verticales a medida, amplias superficies exteriores o peque\u00f1os cuadros de interior para hoteles.\",\"publisher\":{\"@id\":\"https:\\\/\\\/jardinescastiello.es\\\/#organization\"},\"potentialAction\":[{\"@type\":\"SearchAction\",\"target\":{\"@type\":\"EntryPoint\",\"urlTemplate\":\"https:\\\/\\\/jardinescastiello.es\\\/?s={search_term_string}\"},\"query-input\":{\"@type\":\"PropertyValueSpecification\",\"valueRequired\":true,\"valueName\":\"search_term_string\"}}],\"inLanguage\":\"en-GB\"},{\"@type\":\"Organization\",\"@id\":\"https:\\\/\\\/jardinescastiello.es\\\/#organization\",\"name\":\"Jardines Castiello\",\"url\":\"https:\\\/\\\/jardinescastiello.es\\\/\",\"logo\":{\"@type\":\"ImageObject\",\"inLanguage\":\"en-GB\",\"@id\":\"https:\\\/\\\/jardinescastiello.es\\\/#\\\/schema\\\/logo\\\/image\\\/\",\"url\":\"https:\\\/\\\/jardinescastiello.es\\\/wp-content\\\/uploads\\\/2023\\\/05\\\/logoo.png\",\"contentUrl\":\"https:\\\/\\\/jardinescastiello.es\\\/wp-content\\\/uploads\\\/2023\\\/05\\\/logoo.png\",\"width\":180,\"height\":60,\"caption\":\"Jardines Castiello\"},\"image\":{\"@id\":\"https:\\\/\\\/jardinescastiello.es\\\/#\\\/schema\\\/logo\\\/image\\\/\"}}]}<\/script>\n<!-- \/ Yoast SEO plugin. -->","yoast_head_json":{"title":"Quienes somos - Jardines Castiello","robots":{"index":"index","follow":"follow","max-snippet":"max-snippet:-1","max-image-preview":"max-image-preview:large","max-video-preview":"max-video-preview:-1"},"canonical":"https:\/\/jardinescastiello.es\/en\/quienes-somos\/","og_locale":"en_GB","og_type":"article","og_title":"Quienes somos - Jardines Castiello","og_description":"Quienes somos Misi\u00f3n AQU\u00cd hacer alarde de vuestras cualidades que quieres que la gente sepa. Visi\u00f3n Aqu\u00ed hacer alarde de vuestra visi\u00f3n \u00bfHacia d\u00f3nde quer\u00e9is llegar? Valores Aqu\u00ed hablar de esos valores que os distingue de los dem\u00e1s Brindamos el mejor servicio de jardiner\u00eda desde hace 10 a\u00f1os Unas l\u00edneas atractivas que revelan vuestros conocimientos [&hellip;]","og_url":"https:\/\/jardinescastiello.es\/en\/quienes-somos\/","og_site_name":"Jardines Castiello","article_modified_time":"2023-05-08T20:30:41+00:00","og_image":[{"url":"https:\/\/kitjesuscastiello.premm.es\/wp-content\/uploads\/elementor\/thumbs\/5U9A3308-scaled-q62bqd47cctpahcz91ekulc5rebudylpf5054vtvr4.jpg","type":"","width":"","height":""}],"twitter_card":"summary_large_image","twitter_misc":{"Estimated reading time":"1 minute"},"schema":{"@context":"https:\/\/schema.org","@graph":[{"@type":"WebPage","@id":"https:\/\/jardinescastiello.es\/quienes-somos","url":"https:\/\/jardinescastiello.es\/quienes-somos","name":"Quienes somos - Jardines Castiello","isPartOf":{"@id":"https:\/\/jardinescastiello.es\/#website"},"primaryImageOfPage":{"@id":"https:\/\/jardinescastiello.es\/quienes-somos#primaryimage"},"image":{"@id":"https:\/\/jardinescastiello.es\/quienes-somos#primaryimage"},"thumbnailUrl":"https:\/\/kitjesuscastiello.premm.es\/wp-content\/uploads\/elementor\/thumbs\/5U9A3308-scaled-q62bqd47cctpahcz91ekulc5rebudylpf5054vtvr4.jpg","datePublished":"2017-07-11T06:30:09+00:00","dateModified":"2023-05-08T20:30:41+00:00","breadcrumb":{"@id":"https:\/\/jardinescastiello.es\/quienes-somos#breadcrumb"},"inLanguage":"en-GB","potentialAction":[{"@type":"ReadAction","target":["https:\/\/jardinescastiello.es\/quienes-somos"]}]},{"@type":"ImageObject","inLanguage":"en-GB","@id":"https:\/\/jardinescastiello.es\/quienes-somos#primaryimage","url":"https:\/\/kitjesuscastiello.premm.es\/wp-content\/uploads\/elementor\/thumbs\/5U9A3308-scaled-q62bqd47cctpahcz91ekulc5rebudylpf5054vtvr4.jpg","contentUrl":"https:\/\/kitjesuscastiello.premm.es\/wp-content\/uploads\/elementor\/thumbs\/5U9A3308-scaled-q62bqd47cctpahcz91ekulc5rebudylpf5054vtvr4.jpg"},{"@type":"BreadcrumbList","@id":"https:\/\/jardinescastiello.es\/quienes-somos#breadcrumb","itemListElement":[{"@type":"ListItem","position":1,"name":"Portada","item":"https:\/\/jardinescastiello.es\/"},{"@type":"ListItem","position":2,"name":"Quienes somos"}]},{"@type":"WebSite","@id":"https:\/\/jardinescastiello.es\/#website","url":"https:\/\/jardinescastiello.es\/","name":"Jardines Castiello","description":"Realizamos jardines verticales a medida, amplias superficies exteriores o peque\u00f1os cuadros de interior para hoteles.","publisher":{"@id":"https:\/\/jardinescastiello.es\/#organization"},"potentialAction":[{"@type":"SearchAction","target":{"@type":"EntryPoint","urlTemplate":"https:\/\/jardinescastiello.es\/?s={search_term_string}"},"query-input":{"@type":"PropertyValueSpecification","valueRequired":true,"valueName":"search_term_string"}}],"inLanguage":"en-GB"},{"@type":"Organization","@id":"https:\/\/jardinescastiello.es\/#organization","name":"Jardines Castiello","url":"https:\/\/jardinescastiello.es\/","logo":{"@type":"ImageObject","inLanguage":"en-GB","@id":"https:\/\/jardinescastiello.es\/#\/schema\/logo\/image\/","url":"https:\/\/jardinescastiello.es\/wp-content\/uploads\/2023\/05\/logoo.png","contentUrl":"https:\/\/jardinescastiello.es\/wp-content\/uploads\/2023\/05\/logoo.png","width":180,"height":60,"caption":"Jardines Castiello"},"image":{"@id":"https:\/\/jardinescastiello.es\/#\/schema\/logo\/image\/"}}]}},"_links":{"self":[{"href":"https:\/\/jardinescastiello.es\/en\/wp-json\/wp\/v2\/pages\/12","targetHints":{"allow":["GET"]}}],"collection":[{"href":"https:\/\/jardinescastiello.es\/en\/wp-json\/wp\/v2\/pages"}],"about":[{"href":"https:\/\/jardinescastiello.es\/en\/wp-json\/wp\/v2\/types\/page"}],"author":[{"embeddable":true,"href":"https:\/\/jardinescastiello.es\/en\/wp-json\/wp\/v2\/users\/1"}],"replies":[{"embeddable":true,"href":"https:\/\/jardinescastiello.es\/en\/wp-json\/wp\/v2\/comments?post=12"}],"version-history":[{"count":8,"href":"https:\/\/jardinescastiello.es\/en\/wp-json\/wp\/v2\/pages\/12\/revisions"}],"predecessor-version":[{"id":2124,"href":"https:\/\/jardinescastiello.es\/en\/wp-json\/wp\/v2\/pages\/12\/revisions\/2124"}],"wp:attachment":[{"href":"https:\/\/jardinescastiello.es\/en\/wp-json\/wp\/v2\/media?parent=12"}],"curies":[{"name":"wp","href":"https:\/\/api.w.org\/{rel}","templated":true}]}}